{"id":3910,"date":"2019-02-06T12:15:47","date_gmt":"2019-02-06T11:15:47","guid":{"rendered":"http:\/\/aaaskonsult.se\/?page_id=3910"},"modified":"2019-03-19T14:24:53","modified_gmt":"2019-03-19T13:24:53","slug":"kontrollritningar","status":"publish","type":"page","link":"https:\/\/aaaskonsult.se\/?page_id=3910","title":{"rendered":"Kontrollritningar"},"content":{"rendered":"<p>[et_pb_section fb_built=&#8221;1&#8243; _builder_version=&#8221;3.0.47&#8243;][et_pb_row _builder_version=&#8221;3.0.48&#8243; background_size=&#8221;initial&#8221; background_position=&#8221;top_left&#8221; background_repeat=&#8221;repeat&#8221;][et_pb_column type=&#8221;4_4&#8243; _builder_version=&#8221;3.0.47&#8243; parallax=&#8221;off&#8221; parallax_method=&#8221;on&#8221;][et_pb_text _builder_version=&#8221;3.19.7&#8243; header_font=&#8221;Oswald|700|||||||&#8221; header_text_align=&#8221;center&#8221; header_font_size=&#8221;43px&#8221; header_line_height=&#8221;1.2em&#8221;]<\/p>\n<h1>KONTROLLRITNINGAR<\/h1>\n<p>[\/et_pb_text][\/et_pb_column][\/et_pb_row][et_pb_row _builder_version=&#8221;3.0.48&#8243; background_size=&#8221;initial&#8221; background_position=&#8221;top_left&#8221; background_repeat=&#8221;repeat&#8221;][et_pb_column type=&#8221;1_2&#8243; _builder_version=&#8221;3.0.47&#8243; parallax=&#8221;off&#8221; parallax_method=&#8221;on&#8221;][et_pb_image src=&#8221;http:\/\/aaaskonsult.se\/wp-content\/uploads\/2019\/02\/Kontrollritning-1.jpg&#8221; _builder_version=&#8221;3.19.7&#8243;]<br \/>\n[\/et_pb_image][\/et_pb_column][et_pb_column type=&#8221;1_2&#8243; _builder_version=&#8221;3.0.47&#8243; parallax=&#8221;off&#8221; parallax_method=&#8221;on&#8221;][et_pb_text _builder_version=&#8221;3.19.7&#8243; text_font=&#8221;Open Sans|600|||||||&#8221;]<\/p>\n<h3 class=\"xr_tl Heading_3\">Anv\u00e4nd informationen i ritningarna f\u00f6r ert SBA-arbete!<\/h3>\n<p><span class=\"xr_tl Normal_text\"><\/span><\/p>\n<p><span class=\"xr_tl Normal_text\">Bra ritningar kan man anv\u00e4nda f\u00f6r m\u00e5nga \u00e4ndam\u00e5l. Bl.a till s\u00e5 <\/span> <span class=\"xr_tl Normal_text\">kallade \u201cKontrollritningar\u201d. Numrering av brandredskap, <\/span> <span class=\"xr_tl Normal_text\">f\u00f6rbandsstationer, \u00f6gonduschar, truckladdningsplatser, <\/span> <span class=\"xr_tl Normal_text\">st\u00e4domr\u00e5den etc. Kundens behov avg\u00f6r vilken information som <\/span> <span class=\"xr_tl Normal_text\">vi l\u00e4gger in i ritningarna. <\/span><\/p>\n<p>[\/et_pb_text][\/et_pb_column][\/et_pb_row][\/et_pb_section][et_pb_section fb_built=&#8221;1&#8243; _builder_version=&#8221;3.19.7&#8243; background_color=&#8221;#f4f4f4&#8243;][et_pb_row _builder_version=&#8221;3.19.7&#8243; background_size=&#8221;initial&#8221; background_position=&#8221;top_left&#8221; background_repeat=&#8221;repeat&#8221;][et_pb_column type=&#8221;4_4&#8243; _builder_version=&#8221;3.0.47&#8243; parallax=&#8221;off&#8221; parallax_method=&#8221;on&#8221;][et_pb_text _builder_version=&#8221;3.19.7&#8243; header_font=&#8221;Oswald|700|||||||&#8221; header_text_align=&#8221;center&#8221; header_font_size=&#8221;43px&#8221; header_line_height=&#8221;1.2em&#8221; custom_padding=&#8221;||15px&#8221;]<\/p>\n<h1>EXEMPEL P\u00c5 KONTROLLRITNINGAR<\/h1>\n<p>[\/et_pb_text][\/et_pb_column][\/et_pb_row][et_pb_row _builder_version=&#8221;3.0.48&#8243; background_size=&#8221;initial&#8221; background_position=&#8221;top_left&#8221; background_repeat=&#8221;repeat&#8221;][et_pb_column type=&#8221;1_2&#8243; _builder_version=&#8221;3.0.47&#8243; parallax=&#8221;off&#8221; parallax_method=&#8221;on&#8221;][et_pb_text _builder_version=&#8221;3.19.7&#8243; text_font=&#8221;Open Sans|600|||||||&#8221;]<\/p>\n<h3 class=\"xr_tl Heading_3\">Kontrollritningar (exempel)<\/h3>\n<p><span class=\"xr_tl Normal_text\"><span class=\"Normal_text\"><\/span><\/span><\/p>\n<p><span class=\"xr_tl Normal_text\"><span class=\"Normal_text\"><\/span><\/span><\/p>\n<p><span class=\"xr_tl Normal_text\"><span class=\"Normal_text\">\u2022<\/span><\/span> <span class=\"xr_tl Normal_text\"><span class=\"Normal_text\">Brandposter <\/span><\/span><\/p>\n<p><span class=\"xr_tl Normal_text\"><span class=\"Normal_text\">\u2022<\/span><\/span> <span class=\"xr_tl Normal_text\"><span class=\"Normal_text\">Handbrandsl\u00e4ckare<\/span><\/span><\/p>\n<p><span class=\"xr_tl Normal_text\"><span class=\"Normal_text\">\u2022<\/span><\/span> <span class=\"xr_tl Normal_text\"><span class=\"Normal_text\">F\u00f6rsta Hj\u00e4lpen<\/span><\/span><\/p>\n<p><span class=\"xr_tl Normal_text\"><span class=\"Normal_text\">\u2022<\/span><\/span> <span class=\"xr_tl Normal_text\"><span class=\"Normal_text\">Utrymningsv\u00e4gar<\/span><\/span><\/p>\n<p><span class=\"xr_tl Normal_text\"><span class=\"Normal_text\">\u2022<\/span><\/span> <span class=\"xr_tl Normal_text\"><span class=\"Normal_text\">Brandceller<\/span><\/span><\/p>\n<p><span class=\"xr_tl Normal_text\"><span class=\"Normal_text\">\u2022<\/span><\/span> <span class=\"xr_tl Normal_text\"><span class=\"Normal_text\">L\u00e5ssystem<\/span><\/span><\/p>\n<p><span class=\"xr_tl Normal_text\"><span class=\"Normal_text\">\u2022<\/span><\/span> <span class=\"xr_tl Normal_text\"><span class=\"Normal_text\">St\u00e4domr\u00e5den<\/span><\/span><\/p>\n<p><span class=\"xr_tl Normal_text\"><span class=\"Normal_text\">\u2022<\/span><\/span> <span class=\"xr_tl Normal_text\"><span class=\"Normal_text\">Sprinkler<\/span><\/span><\/p>\n<p><span class=\"xr_tl Normal_text\"><span class=\"Normal_text\">\u2022<\/span><\/span> <span class=\"xr_tl Normal_text\"><span class=\"Normal_text\">Skyltsystem<\/span><\/span> <span class=\"xr_tl Normal_text\"><span class=\"Normal_text\">\u2022<\/span><\/span> <span class=\"xr_tl Normal_text\"><span class=\"Normal_text\">etc&#8230;<\/span><\/span><\/p>\n<p>[\/et_pb_text][\/et_pb_column][et_pb_column type=&#8221;1_2&#8243; _builder_version=&#8221;3.0.47&#8243; parallax=&#8221;off&#8221; parallax_method=&#8221;on&#8221;][et_pb_image src=&#8221;http:\/\/aaaskonsult.se\/wp-content\/uploads\/2019\/02\/Kontrollritning-1.jpg&#8221; _builder_version=&#8221;3.19.7&#8243;]<br \/>\n[\/et_pb_image][\/et_pb_column][\/et_pb_row][\/et_pb_section]<\/p>\n","protected":false},"excerpt":{"rendered":"<p>KONTROLLRITNINGAR Anv\u00e4nd informationen i ritningarna f\u00f6r ert SBA-arbete! Bra ritningar kan man anv\u00e4nda f\u00f6r m\u00e5nga \u00e4ndam\u00e5l. Bl.a till s\u00e5 kallade \u201cKontrollritningar\u201d. Numrering av brandredskap, f\u00f6rbandsstationer, \u00f6gonduschar, truckladdningsplatser, st\u00e4domr\u00e5den etc. Kundens behov avg\u00f6r vilken information som vi l\u00e4gger in i ritningarna. EXEMPEL P\u00c5 KONTROLLRITNINGAR Kontrollritningar (exempel) \u2022 Brandposter \u2022 Handbrandsl\u00e4ckare \u2022 F\u00f6rsta Hj\u00e4lpen \u2022 Utrymningsv\u00e4gar \u2022 [&hellip;]<\/p>\n","protected":false},"author":2,"featured_media":0,"parent":0,"menu_order":0,"comment_status":"closed","ping_status":"closed","template":"","meta":{"_et_pb_use_builder":"on","_et_pb_old_content":"","_et_gb_content_width":""},"yoast_head":"<!-- This site is optimized with the Yoast SEO plugin v21.8.1 - https:\/\/yoast.com\/wordpress\/plugins\/seo\/ -->\n<title>Kontrollritningar - AAAS Konsult AB<\/title>\n<meta name=\"robots\" content=\"index, follow, max-snippet:-1, max-image-preview:large, max-video-preview:-1\" \/>\n<link rel=\"canonical\" href=\"https:\/\/aaaskonsult.se\/?page_id=3910\" \/>\n<meta property=\"og:locale\" content=\"sv_SE\" \/>\n<meta property=\"og:type\" content=\"article\" \/>\n<meta property=\"og:title\" content=\"Kontrollritningar - AAAS Konsult AB\" \/>\n<meta property=\"og:description\" content=\"KONTROLLRITNINGAR Anv\u00e4nd informationen i ritningarna f\u00f6r ert SBA-arbete! Bra ritningar kan man anv\u00e4nda f\u00f6r m\u00e5nga \u00e4ndam\u00e5l. Bl.a till s\u00e5 kallade \u201cKontrollritningar\u201d. Numrering av brandredskap, f\u00f6rbandsstationer, \u00f6gonduschar, truckladdningsplatser, st\u00e4domr\u00e5den etc. Kundens behov avg\u00f6r vilken information som vi l\u00e4gger in i ritningarna. EXEMPEL P\u00c5 KONTROLLRITNINGAR Kontrollritningar (exempel) \u2022 Brandposter \u2022 Handbrandsl\u00e4ckare \u2022 F\u00f6rsta Hj\u00e4lpen \u2022 Utrymningsv\u00e4gar \u2022 [&hellip;]\" \/>\n<meta property=\"og:url\" content=\"https:\/\/aaaskonsult.se\/?page_id=3910\" \/>\n<meta property=\"og:site_name\" content=\"AAAS Konsult AB\" \/>\n<meta property=\"article:publisher\" content=\"https:\/\/www.facebook.com\/AAAS-Konsult-AB-245177978979433\" \/>\n<meta property=\"article:modified_time\" content=\"2019-03-19T13:24:53+00:00\" \/>\n<meta name=\"twitter:card\" content=\"summary_large_image\" \/>\n<meta name=\"twitter:label1\" content=\"Ber\u00e4knad l\u00e4stid\" \/>\n\t<meta name=\"twitter:data1\" content=\"2 minuter\" \/>\n<script type=\"application\/ld+json\" class=\"yoast-schema-graph\">{\"@context\":\"https:\/\/schema.org\",\"@graph\":[{\"@type\":\"WebPage\",\"@id\":\"https:\/\/aaaskonsult.se\/?page_id=3910\",\"url\":\"https:\/\/aaaskonsult.se\/?page_id=3910\",\"name\":\"Kontrollritningar - AAAS Konsult AB\",\"isPartOf\":{\"@id\":\"https:\/\/aaaskonsult.se\/#website\"},\"datePublished\":\"2019-02-06T11:15:47+00:00\",\"dateModified\":\"2019-03-19T13:24:53+00:00\",\"breadcrumb\":{\"@id\":\"https:\/\/aaaskonsult.se\/?page_id=3910#breadcrumb\"},\"inLanguage\":\"sv-SE\",\"potentialAction\":[{\"@type\":\"ReadAction\",\"target\":[\"https:\/\/aaaskonsult.se\/?page_id=3910\"]}]},{\"@type\":\"BreadcrumbList\",\"@id\":\"https:\/\/aaaskonsult.se\/?page_id=3910#breadcrumb\",\"itemListElement\":[{\"@type\":\"ListItem\",\"position\":1,\"name\":\"Home\",\"item\":\"https:\/\/aaaskonsult.se\/\"},{\"@type\":\"ListItem\",\"position\":2,\"name\":\"Kontrollritningar\"}]},{\"@type\":\"WebSite\",\"@id\":\"https:\/\/aaaskonsult.se\/#website\",\"url\":\"https:\/\/aaaskonsult.se\/\",\"name\":\"AAAS Konsult AB\",\"description\":\"Din brandskyddspartner!\",\"publisher\":{\"@id\":\"https:\/\/aaaskonsult.se\/#organization\"},\"potentialAction\":[{\"@type\":\"SearchAction\",\"target\":{\"@type\":\"EntryPoint\",\"urlTemplate\":\"https:\/\/aaaskonsult.se\/?s={search_term_string}\"},\"query-input\":\"required name=search_term_string\"}],\"inLanguage\":\"sv-SE\"},{\"@type\":\"Organization\",\"@id\":\"https:\/\/aaaskonsult.se\/#organization\",\"name\":\"AAAS Konsult AB\",\"url\":\"https:\/\/aaaskonsult.se\/\",\"logo\":{\"@type\":\"ImageObject\",\"inLanguage\":\"sv-SE\",\"@id\":\"https:\/\/aaaskonsult.se\/#\/schema\/logo\/image\/\",\"url\":\"https:\/\/aaaskonsult.se\/wp-content\/uploads\/2021\/03\/AAAS-KONSULT-inverterad.png\",\"contentUrl\":\"https:\/\/aaaskonsult.se\/wp-content\/uploads\/2021\/03\/AAAS-KONSULT-inverterad.png\",\"width\":738,\"height\":167,\"caption\":\"AAAS Konsult AB\"},\"image\":{\"@id\":\"https:\/\/aaaskonsult.se\/#\/schema\/logo\/image\/\"},\"sameAs\":[\"https:\/\/www.facebook.com\/AAAS-Konsult-AB-245177978979433\",\"https:\/\/www.linkedin.com\/company\/aaaskonsultab\"]}]}<\/script>\n<!-- \/ Yoast SEO plugin. -->","yoast_head_json":{"title":"Kontrollritningar - AAAS Konsult AB","robots":{"index":"index","follow":"follow","max-snippet":"max-snippet:-1","max-image-preview":"max-image-preview:large","max-video-preview":"max-video-preview:-1"},"canonical":"https:\/\/aaaskonsult.se\/?page_id=3910","og_locale":"sv_SE","og_type":"article","og_title":"Kontrollritningar - AAAS Konsult AB","og_description":"KONTROLLRITNINGAR Anv\u00e4nd informationen i ritningarna f\u00f6r ert SBA-arbete! Bra ritningar kan man anv\u00e4nda f\u00f6r m\u00e5nga \u00e4ndam\u00e5l. Bl.a till s\u00e5 kallade \u201cKontrollritningar\u201d. Numrering av brandredskap, f\u00f6rbandsstationer, \u00f6gonduschar, truckladdningsplatser, st\u00e4domr\u00e5den etc. Kundens behov avg\u00f6r vilken information som vi l\u00e4gger in i ritningarna. EXEMPEL P\u00c5 KONTROLLRITNINGAR Kontrollritningar (exempel) \u2022 Brandposter \u2022 Handbrandsl\u00e4ckare \u2022 F\u00f6rsta Hj\u00e4lpen \u2022 Utrymningsv\u00e4gar \u2022 [&hellip;]","og_url":"https:\/\/aaaskonsult.se\/?page_id=3910","og_site_name":"AAAS Konsult AB","article_publisher":"https:\/\/www.facebook.com\/AAAS-Konsult-AB-245177978979433","article_modified_time":"2019-03-19T13:24:53+00:00","twitter_card":"summary_large_image","twitter_misc":{"Ber\u00e4knad l\u00e4stid":"2 minuter"},"schema":{"@context":"https:\/\/schema.org","@graph":[{"@type":"WebPage","@id":"https:\/\/aaaskonsult.se\/?page_id=3910","url":"https:\/\/aaaskonsult.se\/?page_id=3910","name":"Kontrollritningar - AAAS Konsult AB","isPartOf":{"@id":"https:\/\/aaaskonsult.se\/#website"},"datePublished":"2019-02-06T11:15:47+00:00","dateModified":"2019-03-19T13:24:53+00:00","breadcrumb":{"@id":"https:\/\/aaaskonsult.se\/?page_id=3910#breadcrumb"},"inLanguage":"sv-SE","potentialAction":[{"@type":"ReadAction","target":["https:\/\/aaaskonsult.se\/?page_id=3910"]}]},{"@type":"BreadcrumbList","@id":"https:\/\/aaaskonsult.se\/?page_id=3910#breadcrumb","itemListElement":[{"@type":"ListItem","position":1,"name":"Home","item":"https:\/\/aaaskonsult.se\/"},{"@type":"ListItem","position":2,"name":"Kontrollritningar"}]},{"@type":"WebSite","@id":"https:\/\/aaaskonsult.se\/#website","url":"https:\/\/aaaskonsult.se\/","name":"AAAS Konsult AB","description":"Din brandskyddspartner!","publisher":{"@id":"https:\/\/aaaskonsult.se\/#organization"},"potentialAction":[{"@type":"SearchAction","target":{"@type":"EntryPoint","urlTemplate":"https:\/\/aaaskonsult.se\/?s={search_term_string}"},"query-input":"required name=search_term_string"}],"inLanguage":"sv-SE"},{"@type":"Organization","@id":"https:\/\/aaaskonsult.se\/#organization","name":"AAAS Konsult AB","url":"https:\/\/aaaskonsult.se\/","logo":{"@type":"ImageObject","inLanguage":"sv-SE","@id":"https:\/\/aaaskonsult.se\/#\/schema\/logo\/image\/","url":"https:\/\/aaaskonsult.se\/wp-content\/uploads\/2021\/03\/AAAS-KONSULT-inverterad.png","contentUrl":"https:\/\/aaaskonsult.se\/wp-content\/uploads\/2021\/03\/AAAS-KONSULT-inverterad.png","width":738,"height":167,"caption":"AAAS Konsult AB"},"image":{"@id":"https:\/\/aaaskonsult.se\/#\/schema\/logo\/image\/"},"sameAs":["https:\/\/www.facebook.com\/AAAS-Konsult-AB-245177978979433","https:\/\/www.linkedin.com\/company\/aaaskonsultab"]}]}},"_links":{"self":[{"href":"https:\/\/aaaskonsult.se\/index.php?rest_route=\/wp\/v2\/pages\/3910"}],"collection":[{"href":"https:\/\/aaaskonsult.se\/index.php?rest_route=\/wp\/v2\/pages"}],"about":[{"href":"https:\/\/aaaskonsult.se\/index.php?rest_route=\/wp\/v2\/types\/page"}],"author":[{"embeddable":true,"href":"https:\/\/aaaskonsult.se\/index.php?rest_route=\/wp\/v2\/users\/2"}],"replies":[{"embeddable":true,"href":"https:\/\/aaaskonsult.se\/index.php?rest_route=%2Fwp%2Fv2%2Fcomments&post=3910"}],"version-history":[{"count":10,"href":"https:\/\/aaaskonsult.se\/index.php?rest_route=\/wp\/v2\/pages\/3910\/revisions"}],"predecessor-version":[{"id":4239,"href":"https:\/\/aaaskonsult.se\/index.php?rest_route=\/wp\/v2\/pages\/3910\/revisions\/4239"}],"wp:attachment":[{"href":"https:\/\/aaaskonsult.se\/index.php?rest_route=%2Fwp%2Fv2%2Fmedia&parent=3910"}],"curies":[{"name":"wp","href":"https:\/\/api.w.org\/{rel}","templated":true}]}}