{"id":818,"date":"2019-01-08T14:12:22","date_gmt":"2019-01-08T13:12:22","guid":{"rendered":"http:\/\/aaaskonsult.se\/?page_id=818"},"modified":"2023-05-02T15:25:42","modified_gmt":"2023-05-02T13:25:42","slug":"nyheter","status":"publish","type":"page","link":"https:\/\/aaaskonsult.se\/?page_id=818","title":{"rendered":"Om oss"},"content":{"rendered":"<p>[et_pb_section fb_built=&#8221;1&#8243; fullwidth=&#8221;on&#8221; _builder_version=&#8221;3.22&#8243; custom_margin=&#8221;0px||&#8221; global_colors_info=&#8221;{}&#8221;][et_pb_fullwidth_header header_scroll_down=&#8221;on&#8221; scroll_down_icon_color=&#8221;#ffffff&#8221; _builder_version=&#8221;3.19.7&#8243; title_font=&#8221;Oswald|700|||||||&#8221; title_text_align=&#8221;center&#8221; title_font_size=&#8221;44px&#8221; title_line_height=&#8221;1.2em&#8221; content_font=&#8221;|600|||||||&#8221; content_text_align=&#8221;center&#8221; content_font_size=&#8221;18px&#8221; background_color=&#8221;#ffffff&#8221; background_image=&#8221;https:\/\/aaaskonsult.se\/wp-content\/uploads\/2019\/03\/P1030468-\u00c5terst\u00e4lld-1920.png&#8221; custom_margin=&#8221;0px||&#8221; custom_padding=&#8221;90px||&#8221; animation_style=&#8221;fade&#8221; title_text_shadow_style=&#8221;preset3&#8243; text_shadow_style=&#8221;preset3&#8243; global_colors_info=&#8221;{}&#8221;]<\/p>\n<h1>MER \u00c4N 25 \u00c5R I BRANSCHEN<\/h1>\n<p>Bland v\u00e5ra klienter finns framst\u00e5ende<br \/> svenska och internationella f\u00f6retag och organisationer<\/p>\n<p>&nbsp;<\/p>\n<p>&nbsp;<\/p>\n<p>&nbsp;<\/p>\n<p>&nbsp;<\/p>\n<p>&nbsp;<\/p>\n<p>&nbsp;<\/p>\n<p>&nbsp;<\/p>\n<p>&nbsp;<\/p>\n<p>[\/et_pb_fullwidth_header][\/et_pb_section][et_pb_section fb_built=&#8221;1&#8243; _builder_version=&#8221;3.22&#8243; background_color=&#8221;#ffffff&#8221; custom_margin=&#8221;0px||&#8221; global_colors_info=&#8221;{}&#8221;][et_pb_row _builder_version=&#8221;3.25&#8243; global_colors_info=&#8221;{}&#8221;][et_pb_column type=&#8221;4_4&#8243; _builder_version=&#8221;3.25&#8243; custom_padding=&#8221;|||&#8221; global_colors_info=&#8221;{}&#8221; custom_padding__hover=&#8221;|||&#8221;][et_pb_text _builder_version=&#8221;3.27.4&#8243; header_font=&#8221;|700|||||||&#8221; header_2_font=&#8221;||||||||&#8221; header_3_font=&#8221;Oswald|700|||||||&#8221; header_3_text_align=&#8221;center&#8221; header_3_font_size=&#8221;44px&#8221; global_colors_info=&#8221;{}&#8221;]<\/p>\n<h3>F\u00d6RETAGETS GRUNDARE<\/h3>\n<p>[\/et_pb_text][\/et_pb_column][\/et_pb_row][et_pb_row _builder_version=&#8221;3.25&#8243; background_size=&#8221;initial&#8221; background_position=&#8221;top_left&#8221; background_repeat=&#8221;repeat&#8221; custom_margin=&#8221;50px||&#8221; global_colors_info=&#8221;{}&#8221; column_structure=&#8221;2_5,3_5&#8243;][et_pb_column type=&#8221;2_5&#8243; _builder_version=&#8221;3.25&#8243; custom_padding=&#8221;|||&#8221; global_colors_info=&#8221;{}&#8221; custom_padding__hover=&#8221;|||&#8221;][et_pb_image src=&#8221;https:\/\/aaaskonsult.se\/wp-content\/uploads\/2019\/03\/Leif-Holmstrom-1.jpg&#8221; align_tablet=&#8221;center&#8221; align_last_edited=&#8221;on|desktop&#8221; _builder_version=&#8221;3.23&#8243; animation_style=&#8221;fade&#8221; global_colors_info=&#8221;{}&#8221;][\/et_pb_image][et_pb_text _builder_version=&#8221;3.27.4&#8243; text_font=&#8221;|600|||||||&#8221; text_orientation=&#8221;center&#8221; global_colors_info=&#8221;{}&#8221;]<\/p>\n<p>Leif Holmstr\u00f6m<\/p>\n<p>[\/et_pb_text][\/et_pb_column][et_pb_column type=&#8221;3_5&#8243; _builder_version=&#8221;3.25&#8243; custom_padding=&#8221;|||&#8221; global_colors_info=&#8221;{}&#8221; custom_padding__hover=&#8221;|||&#8221;][et_pb_text _builder_version=&#8221;3.27.4&#8243; text_font=&#8221;Open Sans|600|||||||&#8221; header_font=&#8221;||||||||&#8221; header_2_font=&#8221;||||||||&#8221; header_2_font_size=&#8221;27px&#8221; header_2_line_height=&#8221;1.2em&#8221; header_3_font=&#8221;||||||||&#8221; header_4_font=&#8221;||||||||&#8221; global_colors_info=&#8221;{}&#8221;]<\/p>\n<h2><em>Leif Holmstr\u00f6m, f\u00f6retagets grundare, b\u00f6rjade sin bana inom r\u00e4ddningstj\u00e4nst som \u201dBorgarbrandman\u201d i Huddinge kommun 1954. Efter fullgjord v\u00e4rnplikt blev han heltidsanst\u00e4lld brandman i Kiruna 1957.<\/em><\/h2>\n<p>1968 anst\u00e4llde Bodens Kommun Leif som Brandm\u00e4stare. Brandm\u00e4starutbildningen genomf\u00f6rdes 1970 i Solna. 1973-1976 var Leif st\u00e4llf\u00f6retr\u00e4dande Brandchef i Kalix och 1976 anst\u00e4lldes han som R\u00e4ddningschef i Bengtsfors.\u00a0 Som r\u00e4ddningschef ans\u00e5g Leif att det var viktigt att ha insatsplaner till hj\u00e4lp och vid denna tid fanns inga datorer till hands s\u00e5 det var att handrita s\u00e5dana. Efter en tid f\u00f6rstod andra ocks\u00e5 vikten av insatsplaner s\u00e5 nu b\u00f6rjade man kunna k\u00f6pa ark med \u201dgnuggissymboler\u201d.<\/p>\n<p>Datorernas tid kom, tyv\u00e4rr var de alldeles f\u00f6r l\u00e5ngsamma till en b\u00f6rjan s\u00e5 tids\u00e5tg\u00e5ngen kunde bli ganska stor.<\/p>\n<p>1996 best\u00e4mde sig Leif f\u00f6r att ta ut f\u00f6rtida pension fr\u00e5n r\u00e4ddningstj\u00e4nsten och starta ett f\u00f6retag som kunde f\u00f6rb\u00e4ttra bland annat, tryggheten vid utrymning och vid insatser.<\/p>\n<p>Bra cad-program d\u00f6k upp som m\u00f6jliggjorde b\u00e4ttre och snabbare ritningsframst\u00e4llning. \u00a0N\u00e4r byggnadsritningar i 3D blev \u201dinne\u201d, var det ett sj\u00e4lvklart val att g\u00f6ra s\u00e5v\u00e4l utrymningsplaner som insatsplaner tredimensionella, speciellt n\u00e4r FOA talade om att tester som gjorts p\u00e5 piloter visat, att 3D var \u00f6verl\u00e4gset, speciellt i stressiga situationer.<\/p>\n<p>Sonen Peter var i stort sett med i verksamheten redan fr\u00e5n b\u00f6rjan och blev den sj\u00e4lvklare arvtagaren till f\u00f6retaget som f\u00e5tt namnet AAAS Konsult AB. Namnet fick Leif ingivelse till en tidig morgon i sin s\u00e4ng, betydelsen \u2013 Alltid Aktuellt, Aktivt S\u00e4kerhetsarbete. Ett namn som man kan tycka f\u00f6rpliktar mycket och som alltid inneburit att m\u00e5let att ligga i framkant har f\u00e5tt genomsyra verksamheten.<\/p>\n<p>&nbsp;<\/p>\n<p>[\/et_pb_text][\/et_pb_column][\/et_pb_row][\/et_pb_section][et_pb_section fb_built=&#8221;1&#8243; _builder_version=&#8221;3.22&#8243; background_color=&#8221;#f9f9f9&#8243; custom_margin=&#8221;-78px||&#8221; global_colors_info=&#8221;{}&#8221;][et_pb_row _builder_version=&#8221;3.25&#8243; global_colors_info=&#8221;{}&#8221;][et_pb_column type=&#8221;4_4&#8243; _builder_version=&#8221;3.25&#8243; custom_padding=&#8221;|||&#8221; global_colors_info=&#8221;{}&#8221; custom_padding__hover=&#8221;|||&#8221;][et_pb_text _builder_version=&#8221;3.27.4&#8243; header_font=&#8221;||||||||&#8221; header_3_font=&#8221;Oswald|700|||||||&#8221; header_3_text_align=&#8221;center&#8221; header_3_font_size=&#8221;44px&#8221; global_colors_info=&#8221;{}&#8221;]<\/p>\n<h3>OM AAAS KONSULT<\/h3>\n<p>[\/et_pb_text][\/et_pb_column][\/et_pb_row][et_pb_row _builder_version=&#8221;3.25&#8243; custom_margin=&#8221;38px||&#8221; global_colors_info=&#8221;{}&#8221; column_structure=&#8221;3_5,2_5&#8243;][et_pb_column type=&#8221;3_5&#8243; _builder_version=&#8221;3.25&#8243; custom_padding=&#8221;|||&#8221; global_colors_info=&#8221;{}&#8221; custom_padding__hover=&#8221;|||&#8221;][et_pb_text _builder_version=&#8221;3.27.4&#8243; text_font=&#8221;Open Sans|600|||||||&#8221; header_font=&#8221;||||||||&#8221; header_3_font=&#8221;||on||||||&#8221; header_3_font_size=&#8221;27px&#8221; header_3_line_height=&#8221;1.2em&#8221; global_colors_info=&#8221;{}&#8221;]<\/p>\n<h3>Vi erbjuder h\u00f6gkvalitativa ritningar och r\u00e5dgivning inom brandskydd i Sverige och Norden. Bland v\u00e5ra klienter finns framst\u00e5ende svenska och internationella f\u00f6retag och organisationer. Vi \u00e4r specialiserade p\u00e5 alla typer av brandskyddsritningar. Vi str\u00e4var efter att f\u00f6rst\u00e5 v\u00e5ra klienters utmaningar och samtidigt anv\u00e4nda v\u00e5r spetskompetens f\u00f6r att hitta de b\u00e4sta l\u00f6sningarna.<\/h3>\n<p>Ett kontinuerligt f\u00f6r\u00e4ndringsarbete och en v\u00e4l utvecklad anpassningsf\u00f6rm\u00e5ga \u00e4r en f\u00f6ruts\u00e4ttning f\u00f6r att vi ska kunna forts\u00e4tta att vara en relevant och eftertraktad medarbetare. Vi \u00e4r lyh\u00f6rda inf\u00f6r de m\u00f6jligheter och utmaningar som v\u00e5ra klienter m\u00f6ter och anpassar st\u00e4ndigt v\u00e5r kompetens och v\u00e5rt erbjudande efter deras efterfr\u00e5gan. V\u00e5r str\u00e4van att alltid leverera marknadens mest v\u00e4lgjorda ritningar genomsyrar alla uppdrag vi \u00e5tar oss oavsett om klienten \u00e4r en entrepren\u00f6rsdriven start-up eller ett globalt b\u00f6rsbolag med tusentals anst\u00e4llda. V\u00e5ra k\u00e4rnv\u00e4rden kvalitet och laganda styr b\u00e5de v\u00e5rt interna arbetss\u00e4tt och v\u00e5r relation till klienterna.<\/p>\n<p>AAAS Konsults kapacitet och kompetens g\u00f6r att vi kan hantera i princip alla de \u00e4renden v\u00e5ra klienter beh\u00f6ver hj\u00e4lp med. F\u00f6r att garantera v\u00e5ra klienter b\u00e4sta m\u00f6jliga r\u00e5dgivning och h\u00f6gsta kvalitet betraktas varje uppdrag som hela f\u00f6retagets uppdrag.<\/p>\n<p>Bland v\u00e5ra klienter finns framst\u00e5ende svenska och internationella f\u00f6retag och organisationer. V\u00e5rt grundl\u00e4ggande m\u00e5l \u00e4r att alltid \u00f6vertr\u00e4ffa v\u00e5ra klienters f\u00f6rv\u00e4ntningar och vara en l\u00e5ngsiktig samarbetspartner. F\u00f6r att kunna leverera arbeten av h\u00f6gsta kvalitet \u00e4gnar vi stor omsorg \u00e5t varje enskilt projekt. V\u00e5r aff\u00e4rsmodell bygger p\u00e5 laganda och l\u00e5ngsiktighet som fr\u00e4mjar kunskaps\u00f6verf\u00f6ring och samarbete, n\u00e5got som genomsyrar AAAS Konsult och fungerar som ett fundament f\u00f6r v\u00e5r f\u00f6retagskultur.<\/p>\n<p>I en v\u00e4rld av st\u00e4ndig utveckling f\u00f6r\u00e4ndras klienternas behov. Ett kontinuerligt f\u00f6r\u00e4ndringsarbete och en v\u00e4l utvecklad anpassningsf\u00f6rm\u00e5ga \u00e4r en f\u00f6ruts\u00e4ttning f\u00f6r att vi ska kunna forts\u00e4tta att vara en relevant och eftertraktad brandskyddspartner. V\u00e5rt m\u00e5l \u00e4r att st\u00e4ndigt utvecklas p\u00e5 ett s\u00e4tt som m\u00f6ter kundernas skiftande och allt mer avancerade behov.<\/p>\n<p>\u00c4ven h\u00e5llbarhetsfr\u00e5gorna f\u00f6r\u00e4ndras \u00f6ver tid. V\u00e5ran inst\u00e4llning \u00e4r att p\u00e5verka fr\u00e5gor som \u00e4r viktiga och utmanande inte enbart f\u00f6r v\u00e5r egen och v\u00e5ra klienters verksamhet utan \u00e4ven f\u00f6r samh\u00e4llet i stort. Att vara en akt\u00f6r som tar ansvar, b\u00e5de f\u00f6r sin aff\u00e4rsverksamhet och f\u00f6r det omgivande samh\u00e4llet ser vi som den r\u00e4tta v\u00e4gen att g\u00e5. Vi arbetar d\u00e4rf\u00f6r dagligen och fokuserat med h\u00e5llbarhetsfr\u00e5gor i v\u00e5r r\u00e5dgivning mot klienter, i det interna h\u00e5llbarhetsarbetet och i v\u00e5rat samh\u00e4llsengagemang.<\/p>\n<p>&nbsp;<\/p>\n<p>&nbsp;<\/p>\n<p>[\/et_pb_text][\/et_pb_column][et_pb_column type=&#8221;2_5&#8243; _builder_version=&#8221;3.25&#8243; custom_padding=&#8221;|||&#8221; global_colors_info=&#8221;{}&#8221; custom_padding__hover=&#8221;|||&#8221;][et_pb_image src=&#8221;https:\/\/aaaskonsult.se\/wp-content\/uploads\/2019\/03\/Peter-H.png&#8221; align_tablet=&#8221;center&#8221; align_last_edited=&#8221;on|desktop&#8221; _builder_version=&#8221;3.23&#8243; animation_style=&#8221;fade&#8221; global_colors_info=&#8221;{}&#8221;][\/et_pb_image][et_pb_text _builder_version=&#8221;3.27.4&#8243; text_font=&#8221;|600|||||||&#8221; text_orientation=&#8221;center&#8221; global_colors_info=&#8221;{}&#8221;]<\/p>\n<p>Peter Holmstr\u00f6m<\/p>\n<p>[\/et_pb_text][et_pb_text _builder_version=&#8221;3.27.4&#8243; text_font=&#8221;||||||||&#8221; header_font=&#8221;||||||||&#8221; header_2_font=&#8221;Open Sans|700|on||||||&#8221; header_2_text_align=&#8221;center&#8221; header_2_font_size=&#8221;36px&#8221; custom_margin=&#8221;120px||&#8221; global_colors_info=&#8221;{}&#8221;]<\/p>\n<h2>&#8221;Bland v\u00e5ra klienter finns framst\u00e5ende svenska och internationella f\u00f6retag och organisationer&#8221;<\/h2>\n<p>[\/et_pb_text][\/et_pb_column][\/et_pb_row][\/et_pb_section]<\/p>\n","protected":false},"excerpt":{"rendered":"<p>MER \u00c4N 25 \u00c5R I BRANSCHEN Bland v\u00e5ra klienter finns framst\u00e5ende svenska och internationella f\u00f6retag och organisationer &nbsp; &nbsp; &nbsp; &nbsp; &nbsp; &nbsp; &nbsp; &nbsp;F\u00d6RETAGETS GRUNDARELeif Holmstr\u00f6mLeif Holmstr\u00f6m, f\u00f6retagets grundare, b\u00f6rjade sin bana inom r\u00e4ddningstj\u00e4nst som \u201dBorgarbrandman\u201d i Huddinge kommun 1954. Efter fullgjord v\u00e4rnplikt blev han heltidsanst\u00e4lld brandman i Kiruna 1957. 1968 anst\u00e4llde Bodens Kommun [&hellip;]<\/p>\n","protected":false},"author":2,"featured_media":0,"parent":0,"menu_order":0,"comment_status":"closed","ping_status":"closed","template":"","meta":{"_et_pb_use_builder":"on","_et_pb_old_content":"","_et_gb_content_width":""},"yoast_head":"<!-- This site is optimized with the Yoast SEO plugin v21.8.1 - https:\/\/yoast.com\/wordpress\/plugins\/seo\/ -->\n<title>Om oss - AAAS Konsult AB<\/title>\n<meta name=\"robots\" content=\"index, follow, max-snippet:-1, max-image-preview:large, max-video-preview:-1\" \/>\n<link rel=\"canonical\" href=\"https:\/\/aaaskonsult.se\/?page_id=818\" \/>\n<meta property=\"og:locale\" content=\"sv_SE\" \/>\n<meta property=\"og:type\" content=\"article\" \/>\n<meta property=\"og:title\" content=\"Om oss - AAAS Konsult AB\" \/>\n<meta property=\"og:description\" content=\"MER \u00c4N 25 \u00c5R I BRANSCHEN Bland v\u00e5ra klienter finns framst\u00e5ende svenska och internationella f\u00f6retag och organisationer &nbsp; &nbsp; &nbsp; &nbsp; &nbsp; &nbsp; &nbsp; &nbsp;F\u00d6RETAGETS GRUNDARELeif Holmstr\u00f6mLeif Holmstr\u00f6m, f\u00f6retagets grundare, b\u00f6rjade sin bana inom r\u00e4ddningstj\u00e4nst som \u201dBorgarbrandman\u201d i Huddinge kommun 1954. Efter fullgjord v\u00e4rnplikt blev han heltidsanst\u00e4lld brandman i Kiruna 1957. 1968 anst\u00e4llde Bodens Kommun [&hellip;]\" \/>\n<meta property=\"og:url\" content=\"https:\/\/aaaskonsult.se\/?page_id=818\" \/>\n<meta property=\"og:site_name\" content=\"AAAS Konsult AB\" \/>\n<meta property=\"article:publisher\" content=\"https:\/\/www.facebook.com\/AAAS-Konsult-AB-245177978979433\" \/>\n<meta property=\"article:modified_time\" content=\"2023-05-02T13:25:42+00:00\" \/>\n<meta name=\"twitter:card\" content=\"summary_large_image\" \/>\n<meta name=\"twitter:label1\" content=\"Ber\u00e4knad l\u00e4stid\" \/>\n\t<meta name=\"twitter:data1\" content=\"7 minuter\" \/>\n<script type=\"application\/ld+json\" class=\"yoast-schema-graph\">{\"@context\":\"https:\/\/schema.org\",\"@graph\":[{\"@type\":\"WebPage\",\"@id\":\"https:\/\/aaaskonsult.se\/?page_id=818\",\"url\":\"https:\/\/aaaskonsult.se\/?page_id=818\",\"name\":\"Om oss - AAAS Konsult AB\",\"isPartOf\":{\"@id\":\"https:\/\/aaaskonsult.se\/#website\"},\"datePublished\":\"2019-01-08T13:12:22+00:00\",\"dateModified\":\"2023-05-02T13:25:42+00:00\",\"breadcrumb\":{\"@id\":\"https:\/\/aaaskonsult.se\/?page_id=818#breadcrumb\"},\"inLanguage\":\"sv-SE\",\"potentialAction\":[{\"@type\":\"ReadAction\",\"target\":[\"https:\/\/aaaskonsult.se\/?page_id=818\"]}]},{\"@type\":\"BreadcrumbList\",\"@id\":\"https:\/\/aaaskonsult.se\/?page_id=818#breadcrumb\",\"itemListElement\":[{\"@type\":\"ListItem\",\"position\":1,\"name\":\"Home\",\"item\":\"https:\/\/aaaskonsult.se\/\"},{\"@type\":\"ListItem\",\"position\":2,\"name\":\"Om oss\"}]},{\"@type\":\"WebSite\",\"@id\":\"https:\/\/aaaskonsult.se\/#website\",\"url\":\"https:\/\/aaaskonsult.se\/\",\"name\":\"AAAS Konsult AB\",\"description\":\"Din brandskyddspartner!\",\"publisher\":{\"@id\":\"https:\/\/aaaskonsult.se\/#organization\"},\"potentialAction\":[{\"@type\":\"SearchAction\",\"target\":{\"@type\":\"EntryPoint\",\"urlTemplate\":\"https:\/\/aaaskonsult.se\/?s={search_term_string}\"},\"query-input\":\"required name=search_term_string\"}],\"inLanguage\":\"sv-SE\"},{\"@type\":\"Organization\",\"@id\":\"https:\/\/aaaskonsult.se\/#organization\",\"name\":\"AAAS Konsult AB\",\"url\":\"https:\/\/aaaskonsult.se\/\",\"logo\":{\"@type\":\"ImageObject\",\"inLanguage\":\"sv-SE\",\"@id\":\"https:\/\/aaaskonsult.se\/#\/schema\/logo\/image\/\",\"url\":\"https:\/\/aaaskonsult.se\/wp-content\/uploads\/2021\/03\/AAAS-KONSULT-inverterad.png\",\"contentUrl\":\"https:\/\/aaaskonsult.se\/wp-content\/uploads\/2021\/03\/AAAS-KONSULT-inverterad.png\",\"width\":738,\"height\":167,\"caption\":\"AAAS Konsult AB\"},\"image\":{\"@id\":\"https:\/\/aaaskonsult.se\/#\/schema\/logo\/image\/\"},\"sameAs\":[\"https:\/\/www.facebook.com\/AAAS-Konsult-AB-245177978979433\",\"https:\/\/www.linkedin.com\/company\/aaaskonsultab\"]}]}<\/script>\n<!-- \/ Yoast SEO plugin. -->","yoast_head_json":{"title":"Om oss - AAAS Konsult AB","robots":{"index":"index","follow":"follow","max-snippet":"max-snippet:-1","max-image-preview":"max-image-preview:large","max-video-preview":"max-video-preview:-1"},"canonical":"https:\/\/aaaskonsult.se\/?page_id=818","og_locale":"sv_SE","og_type":"article","og_title":"Om oss - AAAS Konsult AB","og_description":"MER \u00c4N 25 \u00c5R I BRANSCHEN Bland v\u00e5ra klienter finns framst\u00e5ende svenska och internationella f\u00f6retag och organisationer &nbsp; &nbsp; &nbsp; &nbsp; &nbsp; &nbsp; &nbsp; &nbsp;F\u00d6RETAGETS GRUNDARELeif Holmstr\u00f6mLeif Holmstr\u00f6m, f\u00f6retagets grundare, b\u00f6rjade sin bana inom r\u00e4ddningstj\u00e4nst som \u201dBorgarbrandman\u201d i Huddinge kommun 1954. Efter fullgjord v\u00e4rnplikt blev han heltidsanst\u00e4lld brandman i Kiruna 1957. 1968 anst\u00e4llde Bodens Kommun [&hellip;]","og_url":"https:\/\/aaaskonsult.se\/?page_id=818","og_site_name":"AAAS Konsult AB","article_publisher":"https:\/\/www.facebook.com\/AAAS-Konsult-AB-245177978979433","article_modified_time":"2023-05-02T13:25:42+00:00","twitter_card":"summary_large_image","twitter_misc":{"Ber\u00e4knad l\u00e4stid":"7 minuter"},"schema":{"@context":"https:\/\/schema.org","@graph":[{"@type":"WebPage","@id":"https:\/\/aaaskonsult.se\/?page_id=818","url":"https:\/\/aaaskonsult.se\/?page_id=818","name":"Om oss - AAAS Konsult AB","isPartOf":{"@id":"https:\/\/aaaskonsult.se\/#website"},"datePublished":"2019-01-08T13:12:22+00:00","dateModified":"2023-05-02T13:25:42+00:00","breadcrumb":{"@id":"https:\/\/aaaskonsult.se\/?page_id=818#breadcrumb"},"inLanguage":"sv-SE","potentialAction":[{"@type":"ReadAction","target":["https:\/\/aaaskonsult.se\/?page_id=818"]}]},{"@type":"BreadcrumbList","@id":"https:\/\/aaaskonsult.se\/?page_id=818#breadcrumb","itemListElement":[{"@type":"ListItem","position":1,"name":"Home","item":"https:\/\/aaaskonsult.se\/"},{"@type":"ListItem","position":2,"name":"Om oss"}]},{"@type":"WebSite","@id":"https:\/\/aaaskonsult.se\/#website","url":"https:\/\/aaaskonsult.se\/","name":"AAAS Konsult AB","description":"Din brandskyddspartner!","publisher":{"@id":"https:\/\/aaaskonsult.se\/#organization"},"potentialAction":[{"@type":"SearchAction","target":{"@type":"EntryPoint","urlTemplate":"https:\/\/aaaskonsult.se\/?s={search_term_string}"},"query-input":"required name=search_term_string"}],"inLanguage":"sv-SE"},{"@type":"Organization","@id":"https:\/\/aaaskonsult.se\/#organization","name":"AAAS Konsult AB","url":"https:\/\/aaaskonsult.se\/","logo":{"@type":"ImageObject","inLanguage":"sv-SE","@id":"https:\/\/aaaskonsult.se\/#\/schema\/logo\/image\/","url":"https:\/\/aaaskonsult.se\/wp-content\/uploads\/2021\/03\/AAAS-KONSULT-inverterad.png","contentUrl":"https:\/\/aaaskonsult.se\/wp-content\/uploads\/2021\/03\/AAAS-KONSULT-inverterad.png","width":738,"height":167,"caption":"AAAS Konsult AB"},"image":{"@id":"https:\/\/aaaskonsult.se\/#\/schema\/logo\/image\/"},"sameAs":["https:\/\/www.facebook.com\/AAAS-Konsult-AB-245177978979433","https:\/\/www.linkedin.com\/company\/aaaskonsultab"]}]}},"_links":{"self":[{"href":"https:\/\/aaaskonsult.se\/index.php?rest_route=\/wp\/v2\/pages\/818"}],"collection":[{"href":"https:\/\/aaaskonsult.se\/index.php?rest_route=\/wp\/v2\/pages"}],"about":[{"href":"https:\/\/aaaskonsult.se\/index.php?rest_route=\/wp\/v2\/types\/page"}],"author":[{"embeddable":true,"href":"https:\/\/aaaskonsult.se\/index.php?rest_route=\/wp\/v2\/users\/2"}],"replies":[{"embeddable":true,"href":"https:\/\/aaaskonsult.se\/index.php?rest_route=%2Fwp%2Fv2%2Fcomments&post=818"}],"version-history":[{"count":51,"href":"https:\/\/aaaskonsult.se\/index.php?rest_route=\/wp\/v2\/pages\/818\/revisions"}],"predecessor-version":[{"id":4405,"href":"https:\/\/aaaskonsult.se\/index.php?rest_route=\/wp\/v2\/pages\/818\/revisions\/4405"}],"wp:attachment":[{"href":"https:\/\/aaaskonsult.se\/index.php?rest_route=%2Fwp%2Fv2%2Fmedia&parent=818"}],"curies":[{"name":"wp","href":"https:\/\/api.w.org\/{rel}","templated":true}]}}