{"id":998,"date":"2019-02-04T12:23:45","date_gmt":"2019-02-04T11:23:45","guid":{"rendered":"http:\/\/aaaskonsult.se\/?page_id=998"},"modified":"2023-05-05T14:50:54","modified_gmt":"2023-05-05T12:50:54","slug":"utrymningsplaner","status":"publish","type":"page","link":"https:\/\/aaaskonsult.se\/?page_id=998","title":{"rendered":"Utrymningsplaner"},"content":{"rendered":"<p>[et_pb_section fb_built=&#8221;1&#8243; _builder_version=&#8221;3.22&#8243; global_colors_info=&#8221;{}&#8221;][et_pb_row _builder_version=&#8221;3.25&#8243; background_size=&#8221;initial&#8221; background_position=&#8221;top_left&#8221; background_repeat=&#8221;repeat&#8221; global_colors_info=&#8221;{}&#8221;][et_pb_column type=&#8221;4_4&#8243; _builder_version=&#8221;3.25&#8243; custom_padding=&#8221;|||&#8221; global_colors_info=&#8221;{}&#8221; custom_padding__hover=&#8221;|||&#8221;][et_pb_text _builder_version=&#8221;3.27.4&#8243; header_font=&#8221;Oswald|700|||||||&#8221; header_text_align=&#8221;center&#8221; header_font_size=&#8221;44px&#8221; header_line_height=&#8221;1.2em&#8221; header_2_font=&#8221;||||||||&#8221; global_colors_info=&#8221;{}&#8221;]<\/p>\n<h1>UTRYMNINGSPLANER<\/h1>\n<p>[\/et_pb_text][\/et_pb_column][\/et_pb_row][et_pb_row _builder_version=&#8221;3.25&#8243; background_size=&#8221;initial&#8221; background_position=&#8221;top_left&#8221; background_repeat=&#8221;repeat&#8221; global_colors_info=&#8221;{}&#8221; column_structure=&#8221;1_2,1_2&#8243;][et_pb_column type=&#8221;1_2&#8243; _builder_version=&#8221;3.25&#8243; custom_padding=&#8221;|||&#8221; global_colors_info=&#8221;{}&#8221; custom_padding__hover=&#8221;|||&#8221;][et_pb_image src=&#8221;https:\/\/aaaskonsult.se\/wp-content\/uploads\/2019\/03\/Euromaint-Utrymning-2D-1-1500&#215;1061.png&#8221; align_tablet=&#8221;center&#8221; align_last_edited=&#8221;on|desktop&#8221; _builder_version=&#8221;3.23&#8243; global_colors_info=&#8221;{}&#8221;][\/et_pb_image][\/et_pb_column][et_pb_column type=&#8221;1_2&#8243; _builder_version=&#8221;3.25&#8243; custom_padding=&#8221;|||&#8221; global_colors_info=&#8221;{}&#8221; custom_padding__hover=&#8221;|||&#8221;][et_pb_text _builder_version=&#8221;3.27.4&#8243; text_font=&#8221;Open Sans|600|||||||&#8221; header_font=&#8221;||||||||&#8221; header_3_font=&#8221;|600|||||||&#8221; global_colors_info=&#8221;{}&#8221;]<\/p>\n<h3 class=\"xr_tl Heading_3\">-AAAS Konsult AB levererar utrymningsplaner<\/h3>\n<h3 class=\"xr_tl Heading_3\">b\u00e5de i 2D och 3D.<\/h3>\n<p><span class=\"xr_tl Normal_text\">Redan -1999 levererade vi dem f\u00f6rsta tredimensionella <\/span> <span class=\"xr_tl Normal_text\">utrymningsplanerna. N\u00e4r ni v\u00e4ljer v\u00e5ra produkter f\u00e5r ni alltid <\/span> <span class=\"xr_tl Normal_text\">h\u00f6gsta kvalit\u00e9 och utf\u00f6rande. Vi ritar upp en BIM-modell fr\u00e5n <\/span> <span class=\"xr_tl Normal_text\">era ritningar och framst\u00e4ller utrymningsplaner efter era <\/span> <span class=\"xr_tl Normal_text\">\u00f6nskem\u00e5l. Ni kan v\u00e4lja mellan olika ramar och storlekar fr\u00e5n <\/span> <span class=\"xr_tl Normal_text\">A4-A0.\u00a0 Vill ni anv\u00e4nda BIM-modellen f\u00f6r andra \u00e4ndam\u00e5l s\u00e5 tar <\/span> <span class=\"xr_tl Normal_text\">vi fram: insatsplaner, OR-ritningar, SBA-ritningar, <\/span> <span class=\"xr_tl Normal_text\">kontrollritningar, mm.<\/span><\/p>\n<h3 class=\"xr_tl Heading_3\">V\u00e4lj arbetsmodell.<\/h3>\n<p><span class=\"xr_tl Normal_text\">Vill ni vara delaktiga och sj\u00e4lva utf\u00f6ra kontroll av viktig <\/span> <span class=\"xr_tl Normal_text\">information f\u00f6r utrymningsplanen eller skall vi ta hand om hela <\/span> <span class=\"xr_tl Normal_text\">processen? <\/span><\/p>\n<p>[\/et_pb_text][\/et_pb_column][\/et_pb_row][\/et_pb_section][et_pb_section fb_built=&#8221;1&#8243; _builder_version=&#8221;3.22&#8243; background_color=&#8221;#f4f4f4&#8243; global_colors_info=&#8221;{}&#8221;][et_pb_row _builder_version=&#8221;3.25&#8243; background_size=&#8221;initial&#8221; background_position=&#8221;top_left&#8221; background_repeat=&#8221;repeat&#8221; custom_padding=&#8221;||35px&#8221; global_colors_info=&#8221;{}&#8221;][et_pb_column type=&#8221;4_4&#8243; _builder_version=&#8221;3.25&#8243; custom_padding=&#8221;|||&#8221; global_colors_info=&#8221;{}&#8221; custom_padding__hover=&#8221;|||&#8221;][et_pb_text _builder_version=&#8221;3.27.4&#8243; header_font=&#8221;Oswald|700|||||||&#8221; header_text_align=&#8221;center&#8221; header_font_size=&#8221;44px&#8221; header_line_height=&#8221;1.2em&#8221; header_2_font=&#8221;||||||||&#8221; header_3_font=&#8221;||||||||&#8221; global_colors_info=&#8221;{}&#8221;]<\/p>\n<h1>FLERA OLIKA UTF\u00d6RANDEN<\/h1>\n<p>[\/et_pb_text][\/et_pb_column][\/et_pb_row][et_pb_row _builder_version=&#8221;3.25&#8243; background_size=&#8221;initial&#8221; background_position=&#8221;top_left&#8221; background_repeat=&#8221;repeat&#8221; global_colors_info=&#8221;{}&#8221; column_structure=&#8221;1_2,1_2&#8243;][et_pb_column type=&#8221;1_2&#8243; _builder_version=&#8221;3.25&#8243; custom_padding=&#8221;|||&#8221; global_colors_info=&#8221;{}&#8221; custom_padding__hover=&#8221;|||&#8221;][et_pb_text _builder_version=&#8221;3.27.4&#8243; text_font=&#8221;Open Sans|600|||||||&#8221; header_font=&#8221;||||||||&#8221; header_3_font=&#8221;|600|||||||&#8221; global_colors_info=&#8221;{}&#8221;]<\/p>\n<h3 class=\"xr_tl Heading_3\">Ni kan v\u00e4lja bland flera<\/h3>\n<h3 class=\"xr_tl Heading_3\">olika utf\u00f6randen<\/h3>\n<p><span class=\"xr_tl Normal_text\"><span class=\"Normal_text\">\u2022<\/span><\/span> <span class=\"xr_tl Normal_text\"><span class=\"Normal_text\">Text p\u00e5 Svenska, Engelska, <\/span><\/span> <span class=\"xr_tl Normal_text\">Tyska.<\/span><\/p>\n<p><span class=\"xr_tl Normal_text\"><span class=\"Normal_text\">\u2022<\/span><\/span> <span class=\"xr_tl Normal_text\"><span class=\"Normal_text\">2D eller 3D.<\/span><\/span><\/p>\n<p><span class=\"xr_tl Normal_text\"><span class=\"Normal_text\">\u2022<\/span><\/span> <span class=\"xr_tl Normal_text\"><span class=\"Normal_text\">BIM modell eller standard <\/span><\/span> <span class=\"xr_tl Normal_text\">modell.<\/span><\/p>\n<h3 class=\"xr_tl Heading_3\"><\/h3>\n<h3 class=\"xr_tl Heading_3\">Storlekar p\u00e5 tavlor\/ramar<\/h3>\n<p><span class=\"xr_tl Normal_text\"><span class=\"Normal_text\">\u2022<\/span><\/span> <span class=\"xr_tl Normal_text\"><span class=\"Normal_text\">Vi g\u00f6r tavlor fr\u00e5n A4-A0<\/span><\/span><\/p>\n<p><span class=\"xr_tl Normal_text\"><span class=\"Normal_text\">\u2022<\/span><\/span> <span class=\"xr_tl Normal_text\"><span class=\"Normal_text\">Aluminiumramar med <\/span><\/span> <span class=\"xr_tl Normal_text\">antireflexbehandlad och <\/span><\/p>\n<p><span class=\"xr_tl Normal_text\">UV-<\/span> <span class=\"xr_tl Normal_text\">resistent plast.<\/span><\/p>\n<p><span class=\"xr_tl Normal_text\"><span class=\"Normal_text\">\u2022<\/span><\/span> <span class=\"xr_tl Normal_text\"><span class=\"Normal_text\">Sn\u00e4ppramar i Aluminium <\/span><\/span> <span class=\"xr_tl Normal_text\">som g\u00f6r det enkelt att byta <\/span> <span class=\"xr_tl Normal_text\">ut <\/span><\/p>\n<p>[\/et_pb_text][\/et_pb_column][et_pb_column type=&#8221;1_2&#8243; _builder_version=&#8221;3.25&#8243; custom_padding=&#8221;|||&#8221; global_colors_info=&#8221;{}&#8221; custom_padding__hover=&#8221;|||&#8221;][et_pb_image src=&#8221;https:\/\/aaaskonsult.se\/wp-content\/uploads\/2019\/04\/BUP-plan-1-fr-norr-3D-1_1500x1061.png&#8221; align_tablet=&#8221;center&#8221; align_last_edited=&#8221;on|desktop&#8221; _builder_version=&#8221;3.23&#8243; global_colors_info=&#8221;{}&#8221;][\/et_pb_image][et_pb_image src=&#8221;https:\/\/aaaskonsult.se\/wp-content\/uploads\/2019\/04\/BUP-plan-1-fr-norr-2D-1_1500x1061.png&#8221; align_tablet=&#8221;center&#8221; align_last_edited=&#8221;on|desktop&#8221; _builder_version=&#8221;3.23&#8243; global_colors_info=&#8221;{}&#8221;][\/et_pb_image][\/et_pb_column][\/et_pb_row][\/et_pb_section]<\/p>\n","protected":false},"excerpt":{"rendered":"<p>UTRYMNINGSPLANER -AAAS Konsult AB levererar utrymningsplaner b\u00e5de i 2D och 3D. Redan -1999 levererade vi dem f\u00f6rsta tredimensionella utrymningsplanerna. N\u00e4r ni v\u00e4ljer v\u00e5ra produkter f\u00e5r ni alltid h\u00f6gsta kvalit\u00e9 och utf\u00f6rande. Vi ritar upp en BIM-modell fr\u00e5n era ritningar och framst\u00e4ller utrymningsplaner efter era \u00f6nskem\u00e5l. Ni kan v\u00e4lja mellan olika ramar och storlekar fr\u00e5n A4-A0.\u00a0 [&hellip;]<\/p>\n","protected":false},"author":2,"featured_media":0,"parent":0,"menu_order":0,"comment_status":"closed","ping_status":"closed","template":"","meta":{"_et_pb_use_builder":"on","_et_pb_old_content":"","_et_gb_content_width":""},"yoast_head":"<!-- This site is optimized with the Yoast SEO plugin v21.8.1 - https:\/\/yoast.com\/wordpress\/plugins\/seo\/ -->\n<title>Utrymningsplaner - AAAS Konsult AB<\/title>\n<meta name=\"description\" content=\"AAAS Konsult AB levererar utrymningsplaner b\u00e5de i 2D och 3D. Redan -1999 levererade vi dem f\u00f6rsta 3D utrymningsplanerna. Tydliga och l\u00e4ttolkade.\" \/>\n<meta name=\"robots\" content=\"index, follow, max-snippet:-1, max-image-preview:large, max-video-preview:-1\" \/>\n<link rel=\"canonical\" href=\"https:\/\/aaaskonsult.se\/?page_id=998\" \/>\n<meta property=\"og:locale\" content=\"sv_SE\" \/>\n<meta property=\"og:type\" content=\"article\" \/>\n<meta property=\"og:title\" content=\"Utrymningsplaner - AAAS Konsult AB\" \/>\n<meta property=\"og:description\" content=\"AAAS Konsult AB levererar utrymningsplaner b\u00e5de i 2D och 3D. Redan -1999 levererade vi dem f\u00f6rsta 3D utrymningsplanerna. Tydliga och l\u00e4ttolkade.\" \/>\n<meta property=\"og:url\" content=\"https:\/\/aaaskonsult.se\/?page_id=998\" \/>\n<meta property=\"og:site_name\" content=\"AAAS Konsult AB\" \/>\n<meta property=\"article:publisher\" content=\"https:\/\/www.facebook.com\/AAAS-Konsult-AB-245177978979433\" \/>\n<meta property=\"article:modified_time\" content=\"2023-05-05T12:50:54+00:00\" \/>\n<meta name=\"twitter:card\" content=\"summary_large_image\" \/>\n<meta name=\"twitter:label1\" content=\"Ber\u00e4knad l\u00e4stid\" \/>\n\t<meta name=\"twitter:data1\" content=\"2 minuter\" \/>\n<script type=\"application\/ld+json\" class=\"yoast-schema-graph\">{\"@context\":\"https:\/\/schema.org\",\"@graph\":[{\"@type\":\"WebPage\",\"@id\":\"https:\/\/aaaskonsult.se\/?page_id=998\",\"url\":\"https:\/\/aaaskonsult.se\/?page_id=998\",\"name\":\"Utrymningsplaner - AAAS Konsult AB\",\"isPartOf\":{\"@id\":\"https:\/\/aaaskonsult.se\/#website\"},\"datePublished\":\"2019-02-04T11:23:45+00:00\",\"dateModified\":\"2023-05-05T12:50:54+00:00\",\"description\":\"AAAS Konsult AB levererar utrymningsplaner b\u00e5de i 2D och 3D. Redan -1999 levererade vi dem f\u00f6rsta 3D utrymningsplanerna. Tydliga och l\u00e4ttolkade.\",\"breadcrumb\":{\"@id\":\"https:\/\/aaaskonsult.se\/?page_id=998#breadcrumb\"},\"inLanguage\":\"sv-SE\",\"potentialAction\":[{\"@type\":\"ReadAction\",\"target\":[\"https:\/\/aaaskonsult.se\/?page_id=998\"]}]},{\"@type\":\"BreadcrumbList\",\"@id\":\"https:\/\/aaaskonsult.se\/?page_id=998#breadcrumb\",\"itemListElement\":[{\"@type\":\"ListItem\",\"position\":1,\"name\":\"Home\",\"item\":\"https:\/\/aaaskonsult.se\/\"},{\"@type\":\"ListItem\",\"position\":2,\"name\":\"Utrymningsplaner\"}]},{\"@type\":\"WebSite\",\"@id\":\"https:\/\/aaaskonsult.se\/#website\",\"url\":\"https:\/\/aaaskonsult.se\/\",\"name\":\"AAAS Konsult AB\",\"description\":\"Din brandskyddspartner!\",\"publisher\":{\"@id\":\"https:\/\/aaaskonsult.se\/#organization\"},\"potentialAction\":[{\"@type\":\"SearchAction\",\"target\":{\"@type\":\"EntryPoint\",\"urlTemplate\":\"https:\/\/aaaskonsult.se\/?s={search_term_string}\"},\"query-input\":\"required name=search_term_string\"}],\"inLanguage\":\"sv-SE\"},{\"@type\":\"Organization\",\"@id\":\"https:\/\/aaaskonsult.se\/#organization\",\"name\":\"AAAS Konsult AB\",\"url\":\"https:\/\/aaaskonsult.se\/\",\"logo\":{\"@type\":\"ImageObject\",\"inLanguage\":\"sv-SE\",\"@id\":\"https:\/\/aaaskonsult.se\/#\/schema\/logo\/image\/\",\"url\":\"https:\/\/aaaskonsult.se\/wp-content\/uploads\/2021\/03\/AAAS-KONSULT-inverterad.png\",\"contentUrl\":\"https:\/\/aaaskonsult.se\/wp-content\/uploads\/2021\/03\/AAAS-KONSULT-inverterad.png\",\"width\":738,\"height\":167,\"caption\":\"AAAS Konsult AB\"},\"image\":{\"@id\":\"https:\/\/aaaskonsult.se\/#\/schema\/logo\/image\/\"},\"sameAs\":[\"https:\/\/www.facebook.com\/AAAS-Konsult-AB-245177978979433\",\"https:\/\/www.linkedin.com\/company\/aaaskonsultab\"]}]}<\/script>\n<!-- \/ Yoast SEO plugin. -->","yoast_head_json":{"title":"Utrymningsplaner - AAAS Konsult AB","description":"AAAS Konsult AB levererar utrymningsplaner b\u00e5de i 2D och 3D. Redan -1999 levererade vi dem f\u00f6rsta 3D utrymningsplanerna. Tydliga och l\u00e4ttolkade.","robots":{"index":"index","follow":"follow","max-snippet":"max-snippet:-1","max-image-preview":"max-image-preview:large","max-video-preview":"max-video-preview:-1"},"canonical":"https:\/\/aaaskonsult.se\/?page_id=998","og_locale":"sv_SE","og_type":"article","og_title":"Utrymningsplaner - AAAS Konsult AB","og_description":"AAAS Konsult AB levererar utrymningsplaner b\u00e5de i 2D och 3D. Redan -1999 levererade vi dem f\u00f6rsta 3D utrymningsplanerna. Tydliga och l\u00e4ttolkade.","og_url":"https:\/\/aaaskonsult.se\/?page_id=998","og_site_name":"AAAS Konsult AB","article_publisher":"https:\/\/www.facebook.com\/AAAS-Konsult-AB-245177978979433","article_modified_time":"2023-05-05T12:50:54+00:00","twitter_card":"summary_large_image","twitter_misc":{"Ber\u00e4knad l\u00e4stid":"2 minuter"},"schema":{"@context":"https:\/\/schema.org","@graph":[{"@type":"WebPage","@id":"https:\/\/aaaskonsult.se\/?page_id=998","url":"https:\/\/aaaskonsult.se\/?page_id=998","name":"Utrymningsplaner - AAAS Konsult AB","isPartOf":{"@id":"https:\/\/aaaskonsult.se\/#website"},"datePublished":"2019-02-04T11:23:45+00:00","dateModified":"2023-05-05T12:50:54+00:00","description":"AAAS Konsult AB levererar utrymningsplaner b\u00e5de i 2D och 3D. Redan -1999 levererade vi dem f\u00f6rsta 3D utrymningsplanerna. Tydliga och l\u00e4ttolkade.","breadcrumb":{"@id":"https:\/\/aaaskonsult.se\/?page_id=998#breadcrumb"},"inLanguage":"sv-SE","potentialAction":[{"@type":"ReadAction","target":["https:\/\/aaaskonsult.se\/?page_id=998"]}]},{"@type":"BreadcrumbList","@id":"https:\/\/aaaskonsult.se\/?page_id=998#breadcrumb","itemListElement":[{"@type":"ListItem","position":1,"name":"Home","item":"https:\/\/aaaskonsult.se\/"},{"@type":"ListItem","position":2,"name":"Utrymningsplaner"}]},{"@type":"WebSite","@id":"https:\/\/aaaskonsult.se\/#website","url":"https:\/\/aaaskonsult.se\/","name":"AAAS Konsult AB","description":"Din brandskyddspartner!","publisher":{"@id":"https:\/\/aaaskonsult.se\/#organization"},"potentialAction":[{"@type":"SearchAction","target":{"@type":"EntryPoint","urlTemplate":"https:\/\/aaaskonsult.se\/?s={search_term_string}"},"query-input":"required name=search_term_string"}],"inLanguage":"sv-SE"},{"@type":"Organization","@id":"https:\/\/aaaskonsult.se\/#organization","name":"AAAS Konsult AB","url":"https:\/\/aaaskonsult.se\/","logo":{"@type":"ImageObject","inLanguage":"sv-SE","@id":"https:\/\/aaaskonsult.se\/#\/schema\/logo\/image\/","url":"https:\/\/aaaskonsult.se\/wp-content\/uploads\/2021\/03\/AAAS-KONSULT-inverterad.png","contentUrl":"https:\/\/aaaskonsult.se\/wp-content\/uploads\/2021\/03\/AAAS-KONSULT-inverterad.png","width":738,"height":167,"caption":"AAAS Konsult AB"},"image":{"@id":"https:\/\/aaaskonsult.se\/#\/schema\/logo\/image\/"},"sameAs":["https:\/\/www.facebook.com\/AAAS-Konsult-AB-245177978979433","https:\/\/www.linkedin.com\/company\/aaaskonsultab"]}]}},"_links":{"self":[{"href":"https:\/\/aaaskonsult.se\/index.php?rest_route=\/wp\/v2\/pages\/998"}],"collection":[{"href":"https:\/\/aaaskonsult.se\/index.php?rest_route=\/wp\/v2\/pages"}],"about":[{"href":"https:\/\/aaaskonsult.se\/index.php?rest_route=\/wp\/v2\/types\/page"}],"author":[{"embeddable":true,"href":"https:\/\/aaaskonsult.se\/index.php?rest_route=\/wp\/v2\/users\/2"}],"replies":[{"embeddable":true,"href":"https:\/\/aaaskonsult.se\/index.php?rest_route=%2Fwp%2Fv2%2Fcomments&post=998"}],"version-history":[{"count":23,"href":"https:\/\/aaaskonsult.se\/index.php?rest_route=\/wp\/v2\/pages\/998\/revisions"}],"predecessor-version":[{"id":4427,"href":"https:\/\/aaaskonsult.se\/index.php?rest_route=\/wp\/v2\/pages\/998\/revisions\/4427"}],"wp:attachment":[{"href":"https:\/\/aaaskonsult.se\/index.php?rest_route=%2Fwp%2Fv2%2Fmedia&parent=998"}],"curies":[{"name":"wp","href":"https:\/\/api.w.org\/{rel}","templated":true}]}}